{"id":468,"date":"2023-01-04T22:45:31","date_gmt":"2023-01-04T20:45:31","guid":{"rendered":"https:\/\/roimeloo.net\/wp\/?page_id=468"},"modified":"2026-02-17T19:15:26","modified_gmt":"2026-02-17T17:15:26","slug":"roimeloo","status":"publish","type":"page","link":"https:\/\/roimeloo.net\/wp\/","title":{"rendered":"Roimeloo"},"content":{"rendered":"\n<h2 class=\"wp-block-heading has-text-align-center\">Aktiivista seuratoimintaa ymp\u00e4ri vuoden<\/h2>\n\n\n\n<div style=\"height:41px\" aria-hidden=\"true\" class=\"wp-block-spacer\"><\/div>\n\n\n\n<div class=\"wp-block-media-text alignfull is-stacked-on-mobile is-vertically-aligned-center\" style=\"grid-template-columns:49% auto\"><figure class=\"wp-block-media-text__media\"><img loading=\"lazy\" decoding=\"async\" width=\"1024\" height=\"683\" src=\"https:\/\/roimeloo.net\/wp\/wp-content\/uploads\/2023\/01\/IMG_8550-1024x683.jpg\" alt=\"\" class=\"wp-image-489 size-full\" srcset=\"https:\/\/roimeloo.net\/wp\/wp-content\/uploads\/2023\/01\/IMG_8550-1024x683.jpg 1024w, https:\/\/roimeloo.net\/wp\/wp-content\/uploads\/2023\/01\/IMG_8550-300x200.jpg 300w, https:\/\/roimeloo.net\/wp\/wp-content\/uploads\/2023\/01\/IMG_8550-768x512.jpg 768w, https:\/\/roimeloo.net\/wp\/wp-content\/uploads\/2023\/01\/IMG_8550-1536x1024.jpg 1536w, https:\/\/roimeloo.net\/wp\/wp-content\/uploads\/2023\/01\/IMG_8550-2048x1365.jpg 2048w, https:\/\/roimeloo.net\/wp\/wp-content\/uploads\/2023\/01\/IMG_8550-600x400.jpg 600w, https:\/\/roimeloo.net\/wp\/wp-content\/uploads\/2023\/01\/IMG_8550-272x182.jpg 272w\" sizes=\"auto, (max-width: 1024px) 100vw, 1024px\" \/><\/figure><div class=\"wp-block-media-text__content\">\n<p class=\"has-text-align-left\">Rovaniemen melojat on vuonna 1985 perustettu retki- ja koskimelontaan keskittyv\u00e4 melontaseura. Seuran toiminta painottuu kajakkimelontaan, mutta kanoottimelontakin on pienimuotoisena toiminnassa mukana. Seuratoiminnassa liikutaan p\u00e4\u00e4asiassa kotimaakunnan joilla, j\u00e4rvill\u00e4 ja merell\u00e4. J\u00e4senten omat melontaretket suuntautuvat kuitenkin et\u00e4\u00e4mm\u00e4llekin naapurimaihin ja kauemmaksikin. Tarjoamme mahdollisuuksia tutustua lajiin j\u00e4rjest\u00e4m\u00e4ll\u00e4 avoimia melontatapahtumia sek\u00e4 melonnan perusteisiin syvent\u00e4vi\u00e4 kursseja.&nbsp;<\/p>\n<\/div><\/div>\n\n\n\n<div class=\"wp-block-media-text has-media-on-the-right is-stacked-on-mobile\" style=\"grid-template-columns:auto 49%\"><div class=\"wp-block-media-text__content\">\n<p>Seura j\u00e4rjest\u00e4\u00e4 j\u00e4senist\u00f6lleen s\u00e4\u00e4nn\u00f6llisi\u00e4&nbsp;yhteismelontoja, pidempi\u00e4 melontaretki\u00e4, tekniikkakoulutusta, vesist\u00f6turvallisuuteen liittyv\u00e4\u00e4 koulutusta ja koskimelontakursseja. Pohjoista lajiosaamista seura palvelee j\u00e4rjest\u00e4m\u00e4ll\u00e4 kes\u00e4isin useita melonnan peruskursseja sek\u00e4 kouluttamalla melontaohjaajia ja -oppaita. Seuran kilpailutoiminta keskittyy koskimelontaan, erityisesti freestyle- ja boatercross-kisoihin. Melontatekniikoiden kehitt\u00e4minen on lis\u00e4ksi mahdollista talviaikaan uimahallilla. Seura on hankkinut j\u00e4sentens\u00e4 k\u00e4ytt\u00f6\u00f6n reilun m\u00e4\u00e4r\u00e4n erilaisia kajakkeja sek\u00e4 muita tarvittavia melontavarusteita. Harrastuksen aloittaminen onkin vaivatonta, kun ei tarvitse heti hankkia omia v\u00e4lineit\u00e4.<\/p>\n<\/div><figure class=\"wp-block-media-text__media\"><img loading=\"lazy\" decoding=\"async\" width=\"1024\" height=\"683\" src=\"https:\/\/roimeloo.net\/wp\/wp-content\/uploads\/2025\/04\/uutinen-kuva1-1024x683.jpg\" alt=\"\" class=\"wp-image-813 size-full\" srcset=\"https:\/\/roimeloo.net\/wp\/wp-content\/uploads\/2025\/04\/uutinen-kuva1-1024x683.jpg 1024w, https:\/\/roimeloo.net\/wp\/wp-content\/uploads\/2025\/04\/uutinen-kuva1-300x200.jpg 300w, https:\/\/roimeloo.net\/wp\/wp-content\/uploads\/2025\/04\/uutinen-kuva1-768x512.jpg 768w, https:\/\/roimeloo.net\/wp\/wp-content\/uploads\/2025\/04\/uutinen-kuva1-1536x1024.jpg 1536w, https:\/\/roimeloo.net\/wp\/wp-content\/uploads\/2025\/04\/uutinen-kuva1-600x400.jpg 600w, https:\/\/roimeloo.net\/wp\/wp-content\/uploads\/2025\/04\/uutinen-kuva1-272x182.jpg 272w, https:\/\/roimeloo.net\/wp\/wp-content\/uploads\/2025\/04\/uutinen-kuva1.jpg 2048w\" sizes=\"auto, (max-width: 1024px) 100vw, 1024px\" \/><\/figure><\/div>\n\n\n\n<div style=\"height:100px\" aria-hidden=\"true\" class=\"wp-block-spacer\"><\/div>\n\n\n\n<h2 class=\"wp-block-heading has-text-align-center\">Lue lis\u00e4\u00e4<\/h2>\n\n\n\n<div style=\"height:21px\" aria-hidden=\"true\" class=\"wp-block-spacer\"><\/div>\n\n\n\n<div class=\"wp-block-columns is-layout-flex wp-container-core-columns-is-layout-9d6595d7 wp-block-columns-is-layout-flex\">\n<div class=\"wp-block-column is-layout-flow wp-block-column-is-layout-flow\" style=\"flex-basis:100%\">\n<div class=\"wp-block-buttons is-content-justification-center is-layout-flex wp-container-core-buttons-is-layout-16018d1d wp-block-buttons-is-layout-flex\">\n<div class=\"wp-block-button has-custom-width wp-block-button__width-25\"><a class=\"wp-block-button__link wp-element-button\" href=\"https:\/\/roimeloo.net\/wp\/?page_id=470\">J\u00e4seneksi<\/a><\/div>\n\n\n\n<div class=\"wp-block-button\"><a class=\"wp-block-button__link wp-element-button\" href=\"https:\/\/roimeloo.net\/wp\/?page_id=472\">Rekisteriseloste<\/a><\/div>\n\n\n\n<div class=\"wp-block-button has-custom-width wp-block-button__width-25\"><a class=\"wp-block-button__link wp-element-button\" href=\"https:\/\/roimeloo.net\/wp\/?page_id=401\">Yhteystiedot<\/a><\/div>\n\n\n\n<div class=\"wp-block-button has-custom-width wp-block-button__width-50\"><a class=\"wp-block-button__link wp-element-button\" href=\"https:\/\/roimeloo.net\/wp\/?page_id=748\">Seuran s\u00e4\u00e4nn\u00f6t<\/a><\/div>\n<\/div>\n\n\n\n<div style=\"height:30px\" aria-hidden=\"true\" class=\"wp-block-spacer\"><\/div>\n\n\n\n<div class=\"wp-block-buttons is-content-justification-center is-layout-flex wp-container-core-buttons-is-layout-16018d1d wp-block-buttons-is-layout-flex\"><\/div>\n<\/div>\n<\/div>\n\n\n\n<div style=\"height:40px\" aria-hidden=\"true\" class=\"wp-block-spacer\"><\/div>\n","protected":false},"excerpt":{"rendered":"<p>Aktiivista seuratoimintaa ymp\u00e4ri vuoden Rovaniemen melojat on vuonna 1985 perustettu retki- ja koskimelontaan keskittyv\u00e4 melontaseura. Seuran toiminta painottuu kajakkimelontaan, mutta kanoottimelontakin on pienimuotoisena toiminnassa mukana. Seuratoiminnassa liikutaan p\u00e4\u00e4asiassa kotimaakunnan joilla, &hellip; <a href=\"https:\/\/roimeloo.net\/wp\/\" title=\"Roimeloo\" class=\"read-more\">Read More<\/a><\/p>\n","protected":false},"author":2,"featured_media":582,"parent":0,"menu_order":0,"comment_status":"closed","ping_status":"closed","template":"","meta":{"footnotes":""},"class_list":["post-468","page","type-page","status-publish","has-post-thumbnail","hentry"],"jetpack_sharing_enabled":true,"_links":{"self":[{"href":"https:\/\/roimeloo.net\/wp\/index.php?rest_route=\/wp\/v2\/pages\/468","targetHints":{"allow":["GET"]}}],"collection":[{"href":"https:\/\/roimeloo.net\/wp\/index.php?rest_route=\/wp\/v2\/pages"}],"about":[{"href":"https:\/\/roimeloo.net\/wp\/index.php?rest_route=\/wp\/v2\/types\/page"}],"author":[{"embeddable":true,"href":"https:\/\/roimeloo.net\/wp\/index.php?rest_route=\/wp\/v2\/users\/2"}],"replies":[{"embeddable":true,"href":"https:\/\/roimeloo.net\/wp\/index.php?rest_route=%2Fwp%2Fv2%2Fcomments&post=468"}],"version-history":[{"count":24,"href":"https:\/\/roimeloo.net\/wp\/index.php?rest_route=\/wp\/v2\/pages\/468\/revisions"}],"predecessor-version":[{"id":1117,"href":"https:\/\/roimeloo.net\/wp\/index.php?rest_route=\/wp\/v2\/pages\/468\/revisions\/1117"}],"wp:featuredmedia":[{"embeddable":true,"href":"https:\/\/roimeloo.net\/wp\/index.php?rest_route=\/wp\/v2\/media\/582"}],"wp:attachment":[{"href":"https:\/\/roimeloo.net\/wp\/index.php?rest_route=%2Fwp%2Fv2%2Fmedia&parent=468"}],"curies":[{"name":"wp","href":"https:\/\/api.w.org\/{rel}","templated":true}]}}