{"id":426,"date":"2022-12-30T20:08:00","date_gmt":"2022-12-30T18:08:00","guid":{"rendered":"https:\/\/roimeloo.net\/wp\/?page_id=426"},"modified":"2024-06-06T17:03:21","modified_gmt":"2024-06-06T15:03:21","slug":"uimahallivuorot","status":"publish","type":"page","link":"https:\/\/roimeloo.net\/wp\/?page_id=426","title":{"rendered":"Uimahallivuorot"},"content":{"rendered":"<div id=\"pl-426\"  class=\"panel-layout\" ><div id=\"pg-426-0\"  class=\"panel-grid panel-has-style\" ><div style=\"padding-bottom: 5%; padding-left: 10%; padding-right: 10%; \" class=\"panel-row-style panel-row-style-for-426-0\" ><div id=\"pgc-426-0-0\"  class=\"panel-grid-cell\" ><div id=\"panel-426-0-0-0\" class=\"so-panel widget widget_sow-editor panel-first-child panel-last-child\" data-index=\"0\" ><div class=\"wow fadeInLeft panel-widget-style panel-widget-style-for-426-0-0-0\" data-wow-offset=\"10\" data-wow-iteration=\"1\" ><div\n\t\t\t\n\t\t\tclass=\"so-widget-sow-editor so-widget-sow-editor-base\"\n\t\t\t\n\t\t>\n<div class=\"siteorigin-widget-tinymce textwidget\">\n\t<p>Talvisin (marraskuu-huhtikuu) lauantaina klo 8-9 ja sunnuntaina klo 7:30-8:30. Hallivuorot ovat kaikille j\u00e4senille ilmaisia eik\u00e4 niille tarvitse ilmoittautua erikseen. Varusteet l\u00f6ytyv\u00e4t hallilta.<\/p>\n<p>Katso t\u00e4st\u00e4 video mit\u00e4 kaikkea hallilla puuhataan.<\/p>\n<\/div>\n<\/div><\/div><\/div><\/div><div id=\"pgc-426-0-1\"  class=\"panel-grid-cell\" ><div id=\"panel-426-0-1-0\" class=\"so-panel widget widget_sow-editor panel-first-child panel-last-child\" data-index=\"1\" ><div class=\"wow fadeInRight panel-widget-style panel-widget-style-for-426-0-1-0\" data-wow-offset=\"10\" data-wow-iteration=\"1\" ><div\n\t\t\t\n\t\t\tclass=\"so-widget-sow-editor so-widget-sow-editor-base\"\n\t\t\t\n\t\t>\n<div class=\"siteorigin-widget-tinymce textwidget\">\n\t<p><iframe loading=\"lazy\" width=\"425\" height=\"344\" src=\"https:\/\/www.youtube.com\/embed\/9QYTKMYcmX8\" title=\"Hallimelonta\" frameborder=\"0\" allow=\"accelerometer; autoplay; clipboard-write; encrypted-media; gyroscope; picture-in-picture\" allowfullscreen><\/iframe><\/p>\n<\/div>\n<\/div><\/div><\/div><\/div><\/div><\/div><\/div>","protected":false},"excerpt":{"rendered":"<p>Talvisin (marraskuu-huhtikuu) lauantaina klo 8-9 ja sunnuntaina klo 7:30-8:30. Hallivuorot ovat kaikille j\u00e4senille ilmaisia eik\u00e4 niille tarvitse ilmoittautua erikseen. Varusteet l\u00f6ytyv\u00e4t hallilta. Katso t\u00e4st\u00e4 video mit\u00e4 kaikkea hallilla puuhataan.<\/p>\n","protected":false},"author":1,"featured_media":0,"parent":0,"menu_order":0,"comment_status":"closed","ping_status":"closed","template":"","meta":{"footnotes":""},"class_list":["post-426","page","type-page","status-publish","hentry"],"jetpack_sharing_enabled":true,"_links":{"self":[{"href":"https:\/\/roimeloo.net\/wp\/index.php?rest_route=\/wp\/v2\/pages\/426","targetHints":{"allow":["GET"]}}],"collection":[{"href":"https:\/\/roimeloo.net\/wp\/index.php?rest_route=\/wp\/v2\/pages"}],"about":[{"href":"https:\/\/roimeloo.net\/wp\/index.php?rest_route=\/wp\/v2\/types\/page"}],"author":[{"embeddable":true,"href":"https:\/\/roimeloo.net\/wp\/index.php?rest_route=\/wp\/v2\/users\/1"}],"replies":[{"embeddable":true,"href":"https:\/\/roimeloo.net\/wp\/index.php?rest_route=%2Fwp%2Fv2%2Fcomments&post=426"}],"version-history":[{"count":7,"href":"https:\/\/roimeloo.net\/wp\/index.php?rest_route=\/wp\/v2\/pages\/426\/revisions"}],"predecessor-version":[{"id":1078,"href":"https:\/\/roimeloo.net\/wp\/index.php?rest_route=\/wp\/v2\/pages\/426\/revisions\/1078"}],"wp:attachment":[{"href":"https:\/\/roimeloo.net\/wp\/index.php?rest_route=%2Fwp%2Fv2%2Fmedia&parent=426"}],"curies":[{"name":"wp","href":"https:\/\/api.w.org\/{rel}","templated":true}]}}